{"id":11,"date":"2024-10-18T07:24:40","date_gmt":"2024-10-18T07:24:40","guid":{"rendered":"https:\/\/redesign.hbcins.ch\/?page_id=11"},"modified":"2025-01-21T14:51:02","modified_gmt":"2025-01-21T14:51:02","slug":"about","status":"publish","type":"page","link":"https:\/\/redesign.hbcins.ch\/?page_id=11","title":{"rendered":"Unsere Teams"},"content":{"rendered":"\n<h2 class=\"wp-block-heading has-large-font-size\" id=\"inspiro-is-a-digital-product-agency-that-focuses-on-strategy-and-design\" style=\"font-style:normal;font-weight:100\"><\/h2>\n\n\n\n<div style=\"height:0px\" aria-hidden=\"true\" class=\"wp-block-spacer\"><\/div>\n\n\n\n<div class=\"wp-block-columns alignwide is-layout-flex wp-container-core-columns-is-layout-28f84493 wp-block-columns-is-layout-flex\">\n<div class=\"wp-block-column is-layout-flow wp-block-column-is-layout-flow\">\n<figure class=\"wp-block-image size-large\"><img loading=\"lazy\" decoding=\"async\" width=\"1024\" height=\"683\" src=\"https:\/\/redesign.hbcins.ch\/wp-content\/uploads\/2025\/01\/Eis-1024x683.png\" alt=\"\" class=\"wp-image-263\" srcset=\"https:\/\/redesign.hbcins.ch\/wp-content\/uploads\/2025\/01\/Eis-1024x683.png 1024w, https:\/\/redesign.hbcins.ch\/wp-content\/uploads\/2025\/01\/Eis-300x200.png 300w, https:\/\/redesign.hbcins.ch\/wp-content\/uploads\/2025\/01\/Eis-2000x1333.png 2000w\" sizes=\"auto, (max-width: 1024px) 100vw, 1024px\" \/><\/figure>\n\n\n\n<p class=\"has-black-color has-text-color has-medium-font-size\"><a href=\"#\">1. Mannschaft<\/a><\/p>\n\n\n\n<p class=\"has-text-color\" style=\"color:#7a7a7a\">Mit Leidenschaft, Teamgeist und unerm\u00fcdlichem Einsatz geht unsere junge und dynamische Mannschaft aufs Spielfeld. Gemeinsam verfolgen wir ehrgeizige Ziele und arbeiten hart, um in jeder Saison das Beste aus uns herauszuholen.<\/p>\n<\/div>\n\n\n\n<div class=\"wp-block-column is-layout-flow wp-block-column-is-layout-flow\">\n<figure class=\"wp-block-image size-large\"><img loading=\"lazy\" decoding=\"async\" width=\"1024\" height=\"683\" src=\"https:\/\/redesign.hbcins.ch\/wp-content\/uploads\/2025\/01\/Zwoei-1024x683.png\" alt=\"\" class=\"wp-image-264\" srcset=\"https:\/\/redesign.hbcins.ch\/wp-content\/uploads\/2025\/01\/Zwoei-1024x683.png 1024w, https:\/\/redesign.hbcins.ch\/wp-content\/uploads\/2025\/01\/Zwoei-300x200.png 300w, https:\/\/redesign.hbcins.ch\/wp-content\/uploads\/2025\/01\/Zwoei.png 1968w\" sizes=\"auto, (max-width: 1024px) 100vw, 1024px\" \/><\/figure>\n\n\n\n<p class=\"has-black-color has-text-color has-medium-font-size\"><a href=\"#\">2. Mannschaft<\/a><\/p>\n\n\n\n<p class=\"has-text-color\" style=\"color:#7a7a7a\">Unsere zweite Mannschaft vereint Spass am Spiel mit sportlichem Ehrgeiz. Sie bietet eine ideale Plattform f\u00fcr Nachwuchsspieler, um sich weiterzuentwickeln und Erfahrungen zu sammeln. Hier w\u00e4chst Teamgeist, und Talente werden gef\u00f6rdert \u2013 gemeinsam schaffen wir die perfekte Balance zwischen Leistung und Leidenschaft!&nbsp;<\/p>\n\n\n\n<p class=\"has-text-color\" style=\"color:#7a7a7a\"><\/p>\n<\/div>\n\n\n\n<div class=\"wp-block-column is-layout-flow wp-block-column-is-layout-flow\">\n<figure class=\"wp-block-image size-large\"><img loading=\"lazy\" decoding=\"async\" width=\"1024\" height=\"683\" src=\"https:\/\/redesign.hbcins.ch\/wp-content\/uploads\/2024\/10\/SBF0469-1024x683.jpg\" alt=\"\" class=\"wp-image-242\" srcset=\"https:\/\/redesign.hbcins.ch\/wp-content\/uploads\/2024\/10\/SBF0469-1024x683.jpg 1024w, https:\/\/redesign.hbcins.ch\/wp-content\/uploads\/2024\/10\/SBF0469-300x200.jpg 300w\" sizes=\"auto, (max-width: 1024px) 100vw, 1024px\" \/><\/figure>\n\n\n\n<p class=\"has-black-color has-text-color has-medium-font-size\"><a href=\"#\">Junioren<\/a><\/p>\n\n\n\n<p class=\"has-text-color\" style=\"color:#7a7a7a\">Unsere U15 begeistert mit Talent, Disziplin und Spielfreude. Das Team zeigt bereits jetzt beeindruckende Leistungen auf dem Feld und ist ein echtes Aush\u00e4ngeschild f\u00fcr unseren Verein. Mit Leidenschaft und Ehrgeiz arbeiten die Spielerinnen und Spieler daran, die Erfolge von morgen zu sichern. Wir sind stolz auf unsere jungen Stars!&nbsp;<\/p>\n<\/div>\n<\/div>\n\n\n\n<div class=\"wp-block-group alignfull pattern_multiple_covers has-background has-global-padding is-layout-constrained wp-block-group-is-layout-constrained\" id=\"services\" style=\"background-color:#f8f8f8\">\n<div style=\"height:22px\" aria-hidden=\"true\" class=\"wp-block-spacer\"><\/div>\n\n\n\n<h2 class=\"wp-block-heading has-text-align-left\">Unsere Trainer<\/h2>\n\n\n\n<p class=\"has-text-align-left\">Dank unserer Coaches sind wir bestens f\u00fcr die Saison vorbereitet und werden individuell gef\u00f6rdert. <br>Sie planen die Trainings und koordinieren die Spieler vor und w\u00e4hrend der Spiele.&nbsp;<\/p>\n\n\n\n<div style=\"height:46px\" aria-hidden=\"true\" class=\"wp-block-spacer\"><\/div>\n\n\n\n<div class=\"wp-block-columns is-layout-flex wp-container-core-columns-is-layout-28f84493 wp-block-columns-is-layout-flex\">\n<div class=\"wp-block-column is-layout-flow wp-block-column-is-layout-flow\" style=\"padding-top:0;padding-right:0;padding-bottom:0;padding-left:0\">\n<div class=\"wp-block-columns is-layout-flex wp-container-core-columns-is-layout-28f84493 wp-block-columns-is-layout-flex\">\n<div class=\"wp-block-column is-layout-flow wp-block-column-is-layout-flow\" style=\"flex-basis:100%\">\n<div class=\"wp-block-cover has-custom-content-position is-position-bottom-left\" style=\"padding-top:var(--wp--preset--spacing--small);padding-right:var(--wp--preset--spacing--x-small);padding-bottom:var(--wp--preset--spacing--small);padding-left:var(--wp--preset--spacing--x-small)\"><span aria-hidden=\"true\" class=\"wp-block-cover__background has-primary-background-color has-background-dim-0 has-background-dim\"><\/span><img loading=\"lazy\" decoding=\"async\" width=\"2048\" height=\"2560\" class=\"wp-block-cover__image-background wp-image-74\" alt=\"\" src=\"https:\/\/redesign.hbcins.ch\/wp-content\/uploads\/2024\/10\/DSC04161-Kopie-scaled.jpg\" data-object-fit=\"cover\" srcset=\"https:\/\/redesign.hbcins.ch\/wp-content\/uploads\/2024\/10\/DSC04161-Kopie-scaled.jpg 2048w, https:\/\/redesign.hbcins.ch\/wp-content\/uploads\/2024\/10\/DSC04161-Kopie-240x300.jpg 240w, https:\/\/redesign.hbcins.ch\/wp-content\/uploads\/2024\/10\/DSC04161-Kopie-819x1024.jpg 819w, https:\/\/redesign.hbcins.ch\/wp-content\/uploads\/2024\/10\/DSC04161-Kopie-2000x2500.jpg 2000w\" sizes=\"auto, (max-width: 2048px) 100vw, 2048px\" \/><div class=\"wp-block-cover__inner-container is-layout-flow wp-block-cover-is-layout-flow\">\n<h3 class=\"wp-block-heading has-white-color has-text-color has-medium-font-size\" style=\"margin-top:0;margin-right:0;margin-bottom:0;margin-left:0\">Thomas Hostettler<\/h3>\n\n\n\n<p class=\"has-secondary-color has-text-color has-link-color wp-elements-11f8434166d57ca977295fd09e37f5a8\" style=\"margin-top:0;margin-right:0;margin-bottom:0;margin-left:0\"><a href=\"#\">1. Mannschaft<\/a><\/p>\n<\/div><\/div>\n\n\n\n<div class=\"wp-block-cover is-light has-custom-content-position is-position-bottom-left\" style=\"padding-top:var(--wp--preset--spacing--small);padding-right:var(--wp--preset--spacing--x-small);padding-bottom:var(--wp--preset--spacing--small);padding-left:var(--wp--preset--spacing--x-small)\"><span aria-hidden=\"true\" class=\"wp-block-cover__background has-primary-background-color has-background-dim-0 has-background-dim\"><\/span><img loading=\"lazy\" decoding=\"async\" width=\"1000\" height=\"667\" class=\"wp-block-cover__image-background wp-image-219\" alt=\"\" src=\"https:\/\/redesign.hbcins.ch\/wp-content\/uploads\/2024\/10\/1000_F_52088947_hvzeqIVtmc5ua1ZMRtw3DOlSx0pJrcUP.jpg\" data-object-fit=\"cover\" srcset=\"https:\/\/redesign.hbcins.ch\/wp-content\/uploads\/2024\/10\/1000_F_52088947_hvzeqIVtmc5ua1ZMRtw3DOlSx0pJrcUP.jpg 1000w, https:\/\/redesign.hbcins.ch\/wp-content\/uploads\/2024\/10\/1000_F_52088947_hvzeqIVtmc5ua1ZMRtw3DOlSx0pJrcUP-300x200.jpg 300w\" sizes=\"auto, (max-width: 1000px) 100vw, 1000px\" \/><div class=\"wp-block-cover__inner-container is-layout-flow wp-block-cover-is-layout-flow\">\n<h3 class=\"wp-block-heading has-white-color has-text-color has-medium-font-size\" style=\"margin-top:0;margin-right:0;margin-bottom:0;margin-left:0\">Thomas Hostettler<\/h3>\n\n\n\n<p class=\"has-secondary-color has-text-color has-link-color wp-elements-ed0caa48e86589d8539c1040e30cf1cf\" style=\"margin-top:0;margin-right:0;margin-bottom:0;margin-left:0\"><a href=\"#\">Junioren U 15<\/a><\/p>\n<\/div><\/div>\n<\/div>\n<\/div>\n<\/div>\n\n\n\n<div class=\"wp-block-column is-layout-flow wp-block-column-is-layout-flow\" style=\"padding-top:0;padding-right:0;padding-bottom:0;padding-left:0\">\n<div class=\"wp-block-cover has-custom-content-position is-position-bottom-left\" style=\"padding-top:var(--wp--preset--spacing--small);padding-right:var(--wp--preset--spacing--x-small);padding-bottom:var(--wp--preset--spacing--small);padding-left:var(--wp--preset--spacing--x-small)\"><span aria-hidden=\"true\" class=\"wp-block-cover__background has-primary-background-color has-background-dim-0 has-background-dim\"><\/span><img loading=\"lazy\" decoding=\"async\" width=\"2048\" height=\"2560\" class=\"wp-block-cover__image-background wp-image-75\" alt=\"\" src=\"https:\/\/redesign.hbcins.ch\/wp-content\/uploads\/2024\/10\/DSC04170-Kopie-scaled.jpg\" data-object-fit=\"cover\" srcset=\"https:\/\/redesign.hbcins.ch\/wp-content\/uploads\/2024\/10\/DSC04170-Kopie-scaled.jpg 2048w, https:\/\/redesign.hbcins.ch\/wp-content\/uploads\/2024\/10\/DSC04170-Kopie-240x300.jpg 240w, https:\/\/redesign.hbcins.ch\/wp-content\/uploads\/2024\/10\/DSC04170-Kopie-819x1024.jpg 819w, https:\/\/redesign.hbcins.ch\/wp-content\/uploads\/2024\/10\/DSC04170-Kopie-2000x2500.jpg 2000w\" sizes=\"auto, (max-width: 2048px) 100vw, 2048px\" \/><div class=\"wp-block-cover__inner-container is-layout-flow wp-block-cover-is-layout-flow\">\n<h3 class=\"wp-block-heading has-white-color has-text-color has-medium-font-size\" style=\"margin-top:0;margin-right:0;margin-bottom:0;margin-left:0\">Daniel Mory<\/h3>\n\n\n\n<p class=\"has-secondary-color has-text-color has-link-color wp-elements-4232356142b7223bdb367fd7dedfc178\" style=\"margin-top:0;margin-right:0;margin-bottom:0;margin-left:0\"><a href=\"#\">2. Mannschaft<\/a><\/p>\n<\/div><\/div>\n\n\n\n<div class=\"wp-block-cover is-light has-custom-content-position is-position-bottom-left\" style=\"padding-top:var(--wp--preset--spacing--small);padding-right:var(--wp--preset--spacing--x-small);padding-bottom:var(--wp--preset--spacing--small);padding-left:var(--wp--preset--spacing--x-small)\"><span aria-hidden=\"true\" class=\"wp-block-cover__background has-primary-background-color has-background-dim-0 has-background-dim\"><\/span><img loading=\"lazy\" decoding=\"async\" width=\"1000\" height=\"667\" class=\"wp-block-cover__image-background wp-image-219\" alt=\"\" src=\"https:\/\/redesign.hbcins.ch\/wp-content\/uploads\/2024\/10\/1000_F_52088947_hvzeqIVtmc5ua1ZMRtw3DOlSx0pJrcUP.jpg\" data-object-fit=\"cover\" srcset=\"https:\/\/redesign.hbcins.ch\/wp-content\/uploads\/2024\/10\/1000_F_52088947_hvzeqIVtmc5ua1ZMRtw3DOlSx0pJrcUP.jpg 1000w, https:\/\/redesign.hbcins.ch\/wp-content\/uploads\/2024\/10\/1000_F_52088947_hvzeqIVtmc5ua1ZMRtw3DOlSx0pJrcUP-300x200.jpg 300w\" sizes=\"auto, (max-width: 1000px) 100vw, 1000px\" \/><div class=\"wp-block-cover__inner-container is-layout-flow wp-block-cover-is-layout-flow\">\n<h3 class=\"wp-block-heading has-white-color has-text-color has-medium-font-size\" style=\"margin-top:0;margin-right:0;margin-bottom:0;margin-left:0\">Daniel Mory<\/h3>\n\n\n\n<p class=\"has-secondary-color has-text-color has-link-color wp-elements-1a5e490e1440467ed3a91f9627aeb06d\" style=\"margin-top:0;margin-right:0;margin-bottom:0;margin-left:0\"><a href=\"#\">Junioren U13<\/a><\/p>\n<\/div><\/div>\n<\/div>\n\n\n\n<div class=\"wp-block-column is-layout-flow wp-block-column-is-layout-flow\" style=\"padding-top:0;padding-right:0;padding-bottom:0;padding-left:0\">\n<div class=\"wp-block-cover has-custom-content-position is-position-bottom-left\" style=\"padding-top:var(--wp--preset--spacing--small);padding-right:var(--wp--preset--spacing--x-small);padding-bottom:var(--wp--preset--spacing--small);padding-left:var(--wp--preset--spacing--x-small)\"><span aria-hidden=\"true\" class=\"wp-block-cover__background has-primary-background-color has-background-dim-0 has-background-dim\"><\/span><img loading=\"lazy\" decoding=\"async\" width=\"2048\" height=\"2560\" class=\"wp-block-cover__image-background wp-image-76\" alt=\"\" src=\"https:\/\/redesign.hbcins.ch\/wp-content\/uploads\/2024\/10\/DSC04153-Kopie-scaled.jpg\" data-object-fit=\"cover\" srcset=\"https:\/\/redesign.hbcins.ch\/wp-content\/uploads\/2024\/10\/DSC04153-Kopie-scaled.jpg 2048w, https:\/\/redesign.hbcins.ch\/wp-content\/uploads\/2024\/10\/DSC04153-Kopie-240x300.jpg 240w, https:\/\/redesign.hbcins.ch\/wp-content\/uploads\/2024\/10\/DSC04153-Kopie-819x1024.jpg 819w, https:\/\/redesign.hbcins.ch\/wp-content\/uploads\/2024\/10\/DSC04153-Kopie-2000x2500.jpg 2000w\" sizes=\"auto, (max-width: 2048px) 100vw, 2048px\" \/><div class=\"wp-block-cover__inner-container is-layout-flow wp-block-cover-is-layout-flow\">\n<h3 class=\"wp-block-heading has-white-color has-text-color has-medium-font-size\" style=\"margin-top:0;margin-right:0;margin-bottom:0;margin-left:0\">Andreas Keller<\/h3>\n\n\n\n<p class=\"has-secondary-color has-text-color has-link-color wp-elements-ced9bbe21fae7252e252a1de5ff0ad71\" style=\"margin-top:0;margin-right:0;margin-bottom:0;margin-left:0\"><a href=\"#\">Torh\u00fcter Coach<\/a><\/p>\n<\/div><\/div>\n\n\n\n<div class=\"wp-block-cover is-light has-custom-content-position is-position-bottom-left\" style=\"padding-top:var(--wp--preset--spacing--small);padding-right:var(--wp--preset--spacing--x-small);padding-bottom:var(--wp--preset--spacing--small);padding-left:var(--wp--preset--spacing--x-small)\"><span aria-hidden=\"true\" class=\"wp-block-cover__background has-primary-background-color has-background-dim-0 has-background-dim\"><\/span><img loading=\"lazy\" decoding=\"async\" width=\"1000\" height=\"667\" class=\"wp-block-cover__image-background wp-image-219\" alt=\"\" src=\"https:\/\/redesign.hbcins.ch\/wp-content\/uploads\/2024\/10\/1000_F_52088947_hvzeqIVtmc5ua1ZMRtw3DOlSx0pJrcUP.jpg\" data-object-fit=\"cover\" srcset=\"https:\/\/redesign.hbcins.ch\/wp-content\/uploads\/2024\/10\/1000_F_52088947_hvzeqIVtmc5ua1ZMRtw3DOlSx0pJrcUP.jpg 1000w, https:\/\/redesign.hbcins.ch\/wp-content\/uploads\/2024\/10\/1000_F_52088947_hvzeqIVtmc5ua1ZMRtw3DOlSx0pJrcUP-300x200.jpg 300w\" sizes=\"auto, (max-width: 1000px) 100vw, 1000px\" \/><div class=\"wp-block-cover__inner-container is-layout-flow wp-block-cover-is-layout-flow\">\n<h3 class=\"wp-block-heading has-white-color has-text-color has-medium-font-size\" style=\"margin-top:0;margin-right:0;margin-bottom:0;margin-left:0\">Andreas Keller<\/h3>\n\n\n\n<p class=\"has-secondary-color has-text-color has-link-color wp-elements-5c3780667b17028a30bab4623a59c030\" style=\"margin-top:0;margin-right:0;margin-bottom:0;margin-left:0\"><a href=\"#\">Junioren U11<\/a><\/p>\n<\/div><\/div>\n<\/div>\n<\/div>\n\n\n\n<div style=\"height:16px\" aria-hidden=\"true\" class=\"wp-block-spacer\"><\/div>\n<\/div>\n\n\n\n<div class=\"wp-block-buttons is-content-justification-center is-layout-flex wp-container-core-buttons-is-layout-a89b3969 wp-block-buttons-is-layout-flex\">\n<div class=\"wp-block-button\"><a class=\"wp-block-button__link wp-element-button\" href=\"https:\/\/app.clubdesk.com\/clubdesk\/start\">Zum ClubDesk<\/a><\/div>\n<\/div>\n\n\n\n<div style=\"height:22px\" aria-hidden=\"true\" class=\"wp-block-spacer\"><\/div>\n","protected":false},"excerpt":{"rendered":"<p>1. Mannschaft Mit Leidenschaft, Teamgeist und unerm\u00fcdlichem Einsatz geht unsere junge und dynamische Mannschaft aufs Spielfeld. Gemeinsam verfolgen wir ehrgeizige Ziele und arbeiten hart, um in jeder Saison das Beste aus uns herauszuholen. 2. Mannschaft Unsere zweite Mannschaft vereint Spass am Spiel mit sportlichem Ehrgeiz. Sie bietet eine ideale Plattform f\u00fcr Nachwuchsspieler, um sich weiterzuentwickeln &hellip; <\/p>\n<p class=\"link-more\"><a href=\"https:\/\/redesign.hbcins.ch\/?page_id=11\" class=\"more-link\">Mehr <span class=\"screen-reader-text\">\u00fcber &#8222;Unsere Teams&#8220; <\/span>Lesen<\/a><\/p>\n","protected":false},"author":1,"featured_media":244,"parent":0,"menu_order":0,"comment_status":"closed","ping_status":"closed","template":"","meta":{"footnotes":""},"class_list":["post-11","page","type-page","status-publish","has-post-thumbnail","hentry"],"_links":{"self":[{"href":"https:\/\/redesign.hbcins.ch\/index.php?rest_route=\/wp\/v2\/pages\/11","targetHints":{"allow":["GET"]}}],"collection":[{"href":"https:\/\/redesign.hbcins.ch\/index.php?rest_route=\/wp\/v2\/pages"}],"about":[{"href":"https:\/\/redesign.hbcins.ch\/index.php?rest_route=\/wp\/v2\/types\/page"}],"author":[{"embeddable":true,"href":"https:\/\/redesign.hbcins.ch\/index.php?rest_route=\/wp\/v2\/users\/1"}],"replies":[{"embeddable":true,"href":"https:\/\/redesign.hbcins.ch\/index.php?rest_route=%2Fwp%2Fv2%2Fcomments&post=11"}],"version-history":[{"count":15,"href":"https:\/\/redesign.hbcins.ch\/index.php?rest_route=\/wp\/v2\/pages\/11\/revisions"}],"predecessor-version":[{"id":294,"href":"https:\/\/redesign.hbcins.ch\/index.php?rest_route=\/wp\/v2\/pages\/11\/revisions\/294"}],"wp:featuredmedia":[{"embeddable":true,"href":"https:\/\/redesign.hbcins.ch\/index.php?rest_route=\/wp\/v2\/media\/244"}],"wp:attachment":[{"href":"https:\/\/redesign.hbcins.ch\/index.php?rest_route=%2Fwp%2Fv2%2Fmedia&parent=11"}],"curies":[{"name":"wp","href":"https:\/\/api.w.org\/{rel}","templated":true}]}}