{"id":123,"date":"2024-10-22T09:37:50","date_gmt":"2024-10-22T09:37:50","guid":{"rendered":"https:\/\/redesign.hbcins.ch\/?page_id=123"},"modified":"2025-01-11T10:43:31","modified_gmt":"2025-01-11T10:43:31","slug":"unser-verein","status":"publish","type":"page","link":"https:\/\/redesign.hbcins.ch\/?page_id=123","title":{"rendered":"Unser Verein"},"content":{"rendered":"\n<div id=\"team\" class=\"wp-block-group has-global-padding is-layout-constrained wp-block-group-is-layout-constrained\">\n<div class=\"wp-block-group is-layout-flow wp-block-group-is-layout-flow\">\n<div style=\"height:13px\" aria-hidden=\"true\" class=\"wp-block-spacer\"><\/div>\n\n\n\n<div style=\"height:0px\" aria-hidden=\"true\" class=\"wp-block-spacer\"><\/div>\n\n\n\n<div class=\"wp-block-columns is-layout-flex wp-container-core-columns-is-layout-28f84493 wp-block-columns-is-layout-flex\">\n<div class=\"wp-block-column is-style-default is-layout-flow wp-block-column-is-layout-flow\" style=\"border-style:none;border-width:0px;padding-top:0;padding-right:0;padding-bottom:0;padding-left:0\">\n<figure class=\"wp-block-image size-full is-style-default\"><img loading=\"lazy\" decoding=\"async\" width=\"1249\" height=\"1873\" src=\"https:\/\/redesign.hbcins.ch\/wp-content\/uploads\/2025\/01\/NK.png\" alt=\"\" class=\"wp-image-255\" srcset=\"https:\/\/redesign.hbcins.ch\/wp-content\/uploads\/2025\/01\/NK.png 1249w, https:\/\/redesign.hbcins.ch\/wp-content\/uploads\/2025\/01\/NK-200x300.png 200w, https:\/\/redesign.hbcins.ch\/wp-content\/uploads\/2025\/01\/NK-683x1024.png 683w\" sizes=\"auto, (max-width: 1249px) 100vw, 1249px\" \/><\/figure>\n\n\n\n<h3 class=\"wp-block-heading\">Nicolas Krattinger<\/h3>\n\n\n\n<p class=\"has-tertiary-color has-text-color has-link-color wp-elements-f7d8412a9320c28132bdcb3f3ae661f7\">Co \/ Pr\u00e4sident<\/p>\n<\/div>\n\n\n\n<div class=\"wp-block-column is-style-default is-layout-flow wp-block-column-is-layout-flow\" style=\"border-style:none;border-width:0px;padding-top:0;padding-right:0;padding-bottom:0;padding-left:0\">\n<figure class=\"wp-block-image size-full\"><img loading=\"lazy\" decoding=\"async\" width=\"1152\" height=\"1728\" src=\"https:\/\/redesign.hbcins.ch\/wp-content\/uploads\/2025\/01\/SC.png\" alt=\"\" class=\"wp-image-256\" srcset=\"https:\/\/redesign.hbcins.ch\/wp-content\/uploads\/2025\/01\/SC.png 1152w, https:\/\/redesign.hbcins.ch\/wp-content\/uploads\/2025\/01\/SC-200x300.png 200w, https:\/\/redesign.hbcins.ch\/wp-content\/uploads\/2025\/01\/SC-683x1024.png 683w\" sizes=\"auto, (max-width: 1152px) 100vw, 1152px\" \/><\/figure>\n\n\n\n<h3 class=\"wp-block-heading\">Salvatore Cibolini<\/h3>\n\n\n\n<p class=\"has-tertiary-color has-text-color has-link-color wp-elements-f7d8412a9320c28132bdcb3f3ae661f7\">Co \/ Pr\u00e4sident<\/p>\n<\/div>\n\n\n\n<div class=\"wp-block-column is-style-default is-layout-flow wp-block-column-is-layout-flow\" style=\"border-style:none;border-width:0px;padding-top:0;padding-right:0;padding-bottom:0;padding-left:0\">\n<figure class=\"wp-block-image size-full\"><img loading=\"lazy\" decoding=\"async\" width=\"1060\" height=\"1590\" src=\"https:\/\/redesign.hbcins.ch\/wp-content\/uploads\/2025\/01\/MG.png\" alt=\"\" class=\"wp-image-251\" srcset=\"https:\/\/redesign.hbcins.ch\/wp-content\/uploads\/2025\/01\/MG.png 1060w, https:\/\/redesign.hbcins.ch\/wp-content\/uploads\/2025\/01\/MG-200x300.png 200w, https:\/\/redesign.hbcins.ch\/wp-content\/uploads\/2025\/01\/MG-683x1024.png 683w\" sizes=\"auto, (max-width: 1060px) 100vw, 1060px\" \/><\/figure>\n\n\n\n<h3 class=\"wp-block-heading\">Michel Guenin<\/h3>\n\n\n\n<p class=\"has-tertiary-color has-text-color has-link-color wp-elements-c2cdc5101ec6f08aad61add8edb6d317\">Teamkoordinator<\/p>\n<\/div>\n<\/div>\n\n\n\n<div style=\"height:38px\" aria-hidden=\"true\" class=\"wp-block-spacer\"><\/div>\n\n\n\n<div class=\"wp-block-columns is-layout-flex wp-container-core-columns-is-layout-28f84493 wp-block-columns-is-layout-flex\">\n<div class=\"wp-block-column is-style-default is-layout-flow wp-block-column-is-layout-flow\" style=\"border-style:none;border-width:0px;padding-top:0;padding-right:0;padding-bottom:0;padding-left:0\">\n<figure class=\"wp-block-image size-full is-style-default\"><img loading=\"lazy\" decoding=\"async\" width=\"1060\" height=\"1590\" src=\"https:\/\/redesign.hbcins.ch\/wp-content\/uploads\/2025\/01\/YE.png\" alt=\"\" class=\"wp-image-258\" srcset=\"https:\/\/redesign.hbcins.ch\/wp-content\/uploads\/2025\/01\/YE.png 1060w, https:\/\/redesign.hbcins.ch\/wp-content\/uploads\/2025\/01\/YE-200x300.png 200w, https:\/\/redesign.hbcins.ch\/wp-content\/uploads\/2025\/01\/YE-683x1024.png 683w\" sizes=\"auto, (max-width: 1060px) 100vw, 1060px\" \/><\/figure>\n\n\n\n<h3 class=\"wp-block-heading\">Yannis Egger<\/h3>\n\n\n\n<p class=\"has-tertiary-color has-text-color has-link-color wp-elements-b0aaa1a2d0101e726dc4603d62bf8db3\">Werbechef Sponsoring<\/p>\n<\/div>\n\n\n\n<div class=\"wp-block-column is-style-default is-layout-flow wp-block-column-is-layout-flow\" style=\"border-style:none;border-width:0px;padding-top:0;padding-right:0;padding-bottom:0;padding-left:0\">\n<figure class=\"wp-block-image size-full\"><img loading=\"lazy\" decoding=\"async\" width=\"1034\" height=\"1550\" src=\"https:\/\/redesign.hbcins.ch\/wp-content\/uploads\/2025\/01\/MW.png\" alt=\"\" class=\"wp-image-253\" srcset=\"https:\/\/redesign.hbcins.ch\/wp-content\/uploads\/2025\/01\/MW.png 1034w, https:\/\/redesign.hbcins.ch\/wp-content\/uploads\/2025\/01\/MW-200x300.png 200w, https:\/\/redesign.hbcins.ch\/wp-content\/uploads\/2025\/01\/MW-683x1024.png 683w\" sizes=\"auto, (max-width: 1034px) 100vw, 1034px\" \/><\/figure>\n\n\n\n<h3 class=\"wp-block-heading\">Marcel W\u00e4lti<\/h3>\n\n\n\n<p class=\"has-tertiary-color has-text-color has-link-color wp-elements-deddf79b60aad4ea6a9552434753cad8\">Werbechef Events<\/p>\n<\/div>\n\n\n\n<div class=\"wp-block-column is-style-default is-layout-flow wp-block-column-is-layout-flow\" style=\"border-style:none;border-width:0px;padding-top:0;padding-right:0;padding-bottom:0;padding-left:0\">\n<figure class=\"wp-block-image size-full\"><img loading=\"lazy\" decoding=\"async\" width=\"1108\" height=\"1662\" src=\"https:\/\/redesign.hbcins.ch\/wp-content\/uploads\/2025\/01\/MM.png\" alt=\"\" class=\"wp-image-252\" srcset=\"https:\/\/redesign.hbcins.ch\/wp-content\/uploads\/2025\/01\/MM.png 1108w, https:\/\/redesign.hbcins.ch\/wp-content\/uploads\/2025\/01\/MM-200x300.png 200w, https:\/\/redesign.hbcins.ch\/wp-content\/uploads\/2025\/01\/MM-683x1024.png 683w\" sizes=\"auto, (max-width: 1108px) 100vw, 1108px\" \/><\/figure>\n\n\n\n<h3 class=\"wp-block-heading\">Martin Mischler<\/h3>\n\n\n\n<p class=\"has-tertiary-color has-text-color has-link-color wp-elements-36724c4a168c6b77d1c3c5c47cd6e63f\">Kassier<\/p>\n<\/div>\n<\/div>\n<\/div>\n<\/div>\n\n\n\n<div class=\"wp-block-columns is-layout-flex wp-container-core-columns-is-layout-28f84493 wp-block-columns-is-layout-flex\">\n<div class=\"wp-block-column is-style-default is-layout-flow wp-block-column-is-layout-flow\" style=\"border-style:none;border-width:0px;padding-top:0;padding-right:0;padding-bottom:0;padding-left:0\">\n<figure class=\"wp-block-image size-full is-style-default\"><img loading=\"lazy\" decoding=\"async\" width=\"939\" height=\"1408\" src=\"https:\/\/redesign.hbcins.ch\/wp-content\/uploads\/2025\/01\/TG.png\" alt=\"\" class=\"wp-image-257\" srcset=\"https:\/\/redesign.hbcins.ch\/wp-content\/uploads\/2025\/01\/TG.png 939w, https:\/\/redesign.hbcins.ch\/wp-content\/uploads\/2025\/01\/TG-200x300.png 200w, https:\/\/redesign.hbcins.ch\/wp-content\/uploads\/2025\/01\/TG-683x1024.png 683w\" sizes=\"auto, (max-width: 939px) 100vw, 939px\" \/><\/figure>\n\n\n\n<h3 class=\"wp-block-heading\">Tim Camp<\/h3>\n\n\n\n<p class=\"has-tertiary-color has-text-color has-link-color wp-elements-33a5202487e31760b0d1c2f73d75a6e9\">Sekret\u00e4r<\/p>\n<\/div>\n\n\n\n<div class=\"wp-block-column is-style-default is-layout-flow wp-block-column-is-layout-flow\" style=\"border-style:none;border-width:0px;padding-top:0;padding-right:0;padding-bottom:0;padding-left:0\">\n<figure class=\"wp-block-image size-full\"><img loading=\"lazy\" decoding=\"async\" width=\"1180\" height=\"1769\" src=\"https:\/\/redesign.hbcins.ch\/wp-content\/uploads\/2025\/01\/YL.png\" alt=\"\" class=\"wp-image-259\" srcset=\"https:\/\/redesign.hbcins.ch\/wp-content\/uploads\/2025\/01\/YL.png 1180w, https:\/\/redesign.hbcins.ch\/wp-content\/uploads\/2025\/01\/YL-200x300.png 200w, https:\/\/redesign.hbcins.ch\/wp-content\/uploads\/2025\/01\/YL-683x1024.png 683w\" sizes=\"auto, (max-width: 1180px) 100vw, 1180px\" \/><\/figure>\n\n\n\n<h3 class=\"wp-block-heading\">Yves Ledermann<\/h3>\n\n\n\n<p class=\"has-tertiary-color has-text-color has-link-color wp-elements-83b4933c1f38ce0ce0632c08429f436e\">Beisitz <\/p>\n<\/div>\n\n\n\n<div class=\"wp-block-column is-style-default is-layout-flow wp-block-column-is-layout-flow\" style=\"border-style:none;border-width:0px;padding-top:0;padding-right:0;padding-bottom:0;padding-left:0\">\n<figure class=\"wp-block-image size-full\"><img loading=\"lazy\" decoding=\"async\" width=\"1116\" height=\"1674\" src=\"https:\/\/redesign.hbcins.ch\/wp-content\/uploads\/2025\/01\/NH.png\" alt=\"\" class=\"wp-image-254\" srcset=\"https:\/\/redesign.hbcins.ch\/wp-content\/uploads\/2025\/01\/NH.png 1116w, https:\/\/redesign.hbcins.ch\/wp-content\/uploads\/2025\/01\/NH-200x300.png 200w, https:\/\/redesign.hbcins.ch\/wp-content\/uploads\/2025\/01\/NH-683x1024.png 683w\" sizes=\"auto, (max-width: 1116px) 100vw, 1116px\" \/><\/figure>\n\n\n\n<h3 class=\"wp-block-heading\">Nico Hunziker<\/h3>\n\n\n\n<p class=\"has-tertiary-color has-text-color has-link-color wp-elements-def4be9d0d784a68fed5817f377e5bb0\">Beisitz<\/p>\n<\/div>\n<\/div>\n\n\n\n<div class=\"wp-block-columns is-layout-flex wp-container-core-columns-is-layout-28f84493 wp-block-columns-is-layout-flex\">\n<div class=\"wp-block-column is-style-default is-layout-flow wp-block-column-is-layout-flow\" style=\"border-style:none;border-width:0px;padding-top:0;padding-right:0;padding-bottom:0;padding-left:0\">\n<figure class=\"wp-block-image size-full is-style-default\"><img loading=\"lazy\" decoding=\"async\" width=\"2048\" height=\"2560\" src=\"https:\/\/redesign.hbcins.ch\/wp-content\/uploads\/2024\/10\/DSC04153-Kopie-scaled.jpg\" alt=\"\" class=\"wp-image-76\" srcset=\"https:\/\/redesign.hbcins.ch\/wp-content\/uploads\/2024\/10\/DSC04153-Kopie-scaled.jpg 2048w, https:\/\/redesign.hbcins.ch\/wp-content\/uploads\/2024\/10\/DSC04153-Kopie-240x300.jpg 240w, https:\/\/redesign.hbcins.ch\/wp-content\/uploads\/2024\/10\/DSC04153-Kopie-819x1024.jpg 819w, https:\/\/redesign.hbcins.ch\/wp-content\/uploads\/2024\/10\/DSC04153-Kopie-2000x2500.jpg 2000w\" sizes=\"auto, (max-width: 2048px) 100vw, 2048px\" \/><\/figure>\n\n\n\n<h3 class=\"wp-block-heading\">Andreas Keller<\/h3>\n\n\n\n<p class=\"has-tertiary-color has-text-color has-link-color wp-elements-def4be9d0d784a68fed5817f377e5bb0\">Beisitz<\/p>\n<\/div>\n\n\n\n<div class=\"wp-block-column is-style-default is-layout-flow wp-block-column-is-layout-flow\" style=\"border-style:none;border-width:0px;padding-top:0;padding-right:0;padding-bottom:0;padding-left:0\">\n<figure class=\"wp-block-image size-full\"><img loading=\"lazy\" decoding=\"async\" width=\"1000\" height=\"667\" src=\"https:\/\/redesign.hbcins.ch\/wp-content\/uploads\/2024\/10\/1000_F_52088947_hvzeqIVtmc5ua1ZMRtw3DOlSx0pJrcUP.jpg\" alt=\"\" class=\"wp-image-219\" srcset=\"https:\/\/redesign.hbcins.ch\/wp-content\/uploads\/2024\/10\/1000_F_52088947_hvzeqIVtmc5ua1ZMRtw3DOlSx0pJrcUP.jpg 1000w, https:\/\/redesign.hbcins.ch\/wp-content\/uploads\/2024\/10\/1000_F_52088947_hvzeqIVtmc5ua1ZMRtw3DOlSx0pJrcUP-300x200.jpg 300w\" sizes=\"auto, (max-width: 1000px) 100vw, 1000px\" \/><\/figure>\n\n\n\n<h3 class=\"wp-block-heading\">Dennis Stemann<\/h3>\n\n\n\n<p class=\"has-tertiary-color has-text-color has-link-color wp-elements-a128d328217cc58cbd5f4d60e5edbcad\">Chef Junioren <\/p>\n<\/div>\n\n\n\n<div class=\"wp-block-column is-style-default is-layout-flow wp-block-column-is-layout-flow\" style=\"border-style:none;border-width:0px;padding-top:0;padding-right:0;padding-bottom:0;padding-left:0\">\n<figure class=\"wp-block-image size-full\"><img loading=\"lazy\" decoding=\"async\" width=\"2048\" height=\"2560\" src=\"https:\/\/redesign.hbcins.ch\/wp-content\/uploads\/2024\/10\/DSC04170-Kopie-scaled.jpg\" alt=\"\" class=\"wp-image-75\" srcset=\"https:\/\/redesign.hbcins.ch\/wp-content\/uploads\/2024\/10\/DSC04170-Kopie-scaled.jpg 2048w, https:\/\/redesign.hbcins.ch\/wp-content\/uploads\/2024\/10\/DSC04170-Kopie-240x300.jpg 240w, https:\/\/redesign.hbcins.ch\/wp-content\/uploads\/2024\/10\/DSC04170-Kopie-819x1024.jpg 819w, https:\/\/redesign.hbcins.ch\/wp-content\/uploads\/2024\/10\/DSC04170-Kopie-2000x2500.jpg 2000w\" sizes=\"auto, (max-width: 2048px) 100vw, 2048px\" \/><\/figure>\n\n\n\n<h3 class=\"wp-block-heading\">Daniel Mory<\/h3>\n\n\n\n<p class=\"has-tertiary-color has-text-color has-link-color wp-elements-db44ded368e6503dc394332e0ce21080\">J&amp;S Coach <\/p>\n<\/div>\n<\/div>\n\n\n\n<p><\/p>\n","protected":false},"excerpt":{"rendered":"<p>Nicolas Krattinger Co \/ Pr\u00e4sident Salvatore Cibolini Co \/ Pr\u00e4sident Michel Guenin Teamkoordinator Yannis Egger Werbechef Sponsoring Marcel W\u00e4lti Werbechef Events Martin Mischler Kassier Tim Camp Sekret\u00e4r Yves Ledermann Beisitz Nico Hunziker Beisitz Andreas Keller Beisitz Dennis Stemann Chef Junioren Daniel Mory J&amp;S Coach<\/p>\n","protected":false},"author":1,"featured_media":0,"parent":0,"menu_order":0,"comment_status":"closed","ping_status":"closed","template":"","meta":{"footnotes":""},"class_list":["post-123","page","type-page","status-publish","hentry"],"_links":{"self":[{"href":"https:\/\/redesign.hbcins.ch\/index.php?rest_route=\/wp\/v2\/pages\/123","targetHints":{"allow":["GET"]}}],"collection":[{"href":"https:\/\/redesign.hbcins.ch\/index.php?rest_route=\/wp\/v2\/pages"}],"about":[{"href":"https:\/\/redesign.hbcins.ch\/index.php?rest_route=\/wp\/v2\/types\/page"}],"author":[{"embeddable":true,"href":"https:\/\/redesign.hbcins.ch\/index.php?rest_route=\/wp\/v2\/users\/1"}],"replies":[{"embeddable":true,"href":"https:\/\/redesign.hbcins.ch\/index.php?rest_route=%2Fwp%2Fv2%2Fcomments&post=123"}],"version-history":[{"count":6,"href":"https:\/\/redesign.hbcins.ch\/index.php?rest_route=\/wp\/v2\/pages\/123\/revisions"}],"predecessor-version":[{"id":261,"href":"https:\/\/redesign.hbcins.ch\/index.php?rest_route=\/wp\/v2\/pages\/123\/revisions\/261"}],"wp:attachment":[{"href":"https:\/\/redesign.hbcins.ch\/index.php?rest_route=%2Fwp%2Fv2%2Fmedia&parent=123"}],"curies":[{"name":"wp","href":"https:\/\/api.w.org\/{rel}","templated":true}]}}