{"id":149,"date":"2024-10-22T16:12:52","date_gmt":"2024-10-22T16:12:52","guid":{"rendered":"https:\/\/redesign.hbcins.ch\/?page_id=149"},"modified":"2024-10-22T16:12:52","modified_gmt":"2024-10-22T16:12:52","slug":"berichte","status":"publish","type":"page","link":"https:\/\/redesign.hbcins.ch\/?page_id=149","title":{"rendered":"Berichte"},"content":{"rendered":"\n<div id=\"news\" class=\"wp-block-group has-global-padding is-layout-constrained wp-block-group-is-layout-constrained\">\n<div class=\"wp-block-query is-layout-flow wp-block-query-is-layout-flow\"><ul class=\"columns-3 alignfull wp-block-post-template is-layout-grid wp-container-core-post-template-is-layout-6aac66c0 wp-block-post-template-is-layout-grid\"><li class=\"wp-block-post post-1 post type-post status-publish format-standard has-post-thumbnail hentry category-2-mannschaft\">\n\n<div class=\"wp-block-group has-global-padding is-layout-constrained wp-block-group-is-layout-constrained\"><figure style=\"width:100%;height:240px; margin-bottom:var(--wp--preset--spacing--x-small);\" class=\"wp-block-post-featured-image\"><a href=\"https:\/\/redesign.hbcins.ch\/?p=1\" target=\"_self\"  style=\"height:240px\"><img loading=\"lazy\" decoding=\"async\" width=\"2000\" height=\"2000\" src=\"https:\/\/redesign.hbcins.ch\/wp-content\/uploads\/2024\/10\/19.10.24_Zwoei-pdf.jpg\" class=\"attachment-post-thumbnail size-post-thumbnail wp-post-image\" alt=\"HBC INS 2 VS HBC M\u00dcNSIGEN 2\" style=\"border-radius:5px;height:240px;object-fit:cover;\" sizes=\"auto, 100vw\" \/><\/a><\/figure><\/div>\n\n\n<div style=\"margin-top:0;margin-bottom:0;\" class=\"has-link-color wp-elements-a1817b6b9e4eaefd5826fde68b0a8fdb wp-block-post-date has-text-color has-tertiary-color\"><time datetime=\"2024-10-19T13:17:40+00:00\">Oktober 19, 2024<\/time><\/div>\n\n<h3 style=\"margin-top:0;margin-bottom:var(--wp--preset--spacing--x-small);\" class=\"has-link-color wp-elements-2e75b4e4fab489cf445e03eda13279d1 wp-block-post-title\"><a href=\"https:\/\/redesign.hbcins.ch\/?p=1\" target=\"_self\" >HBC INS 2 VS HBC M\u00dcNSIGEN 2<\/a><\/h3>\n\n<div class=\"has-link-color wp-elements-61eeeb1d6c31f3761cb8bc35b6e1a095 wp-block-post-excerpt has-text-color has-tertiary-color\"><p class=\"wp-block-post-excerpt__excerpt\">SCHLUSSRESULTAT 13 : 19 Am Heimspieltag in Ins stand der zweiten Mannschaft mit M\u00fcnsingen 2 ein stark aufgestellter Aufsteiger aus der letzten Saison gegen\u00fcber. Aufgrund vieler technischer Fehler und einer schlechten Wurfquote kam der HBC Ins II in&hellip; <\/p><\/div>\n\n<a style=\"text-transform:uppercase; border-width:2px; padding-right:var(--wp--preset--spacing--x-small);padding-left:var(--wp--preset--spacing--x-small);padding-top:10px;padding-bottom:10px;\" class=\"wp-block-read-more has-text-color has-foreground-color\" href=\"https:\/\/redesign.hbcins.ch\/?p=1\" target=\"_self\">Weiterlesen<span class=\"screen-reader-text\">: HBC INS 2 VS HBC M\u00dcNSIGEN 2<\/span><\/a>\n<\/li><li class=\"wp-block-post post-96 post type-post status-publish format-standard has-post-thumbnail hentry category-1-mannschaft\">\n\n<div class=\"wp-block-group has-global-padding is-layout-constrained wp-block-group-is-layout-constrained\"><figure style=\"width:100%;height:240px; margin-bottom:var(--wp--preset--spacing--x-small);\" class=\"wp-block-post-featured-image\"><a href=\"https:\/\/redesign.hbcins.ch\/?p=96\" target=\"_self\"  style=\"height:240px\"><img loading=\"lazy\" decoding=\"async\" width=\"2000\" height=\"2000\" src=\"https:\/\/redesign.hbcins.ch\/wp-content\/uploads\/2024\/10\/19.10.24_Eis-1-pdf.jpg\" class=\"attachment-post-thumbnail size-post-thumbnail wp-post-image\" alt=\"HBC INS 1 VS HBC M\u00dcNSIGEN 1\" style=\"border-radius:5px;height:240px;object-fit:cover;\" sizes=\"auto, 100vw\" \/><\/a><\/figure><\/div>\n\n\n<div style=\"margin-top:0;margin-bottom:0;\" class=\"has-link-color wp-elements-a1817b6b9e4eaefd5826fde68b0a8fdb wp-block-post-date has-text-color has-tertiary-color\"><time datetime=\"2024-10-19T09:10:01+00:00\">Oktober 19, 2024<\/time><\/div>\n\n<h3 style=\"margin-top:0;margin-bottom:var(--wp--preset--spacing--x-small);\" class=\"has-link-color wp-elements-2e75b4e4fab489cf445e03eda13279d1 wp-block-post-title\"><a href=\"https:\/\/redesign.hbcins.ch\/?p=96\" target=\"_self\" >HBC INS 1 VS HBC M\u00dcNSIGEN 1<\/a><\/h3>\n\n<div class=\"has-link-color wp-elements-61eeeb1d6c31f3761cb8bc35b6e1a095 wp-block-post-excerpt has-text-color has-tertiary-color\"><p class=\"wp-block-post-excerpt__excerpt\">SCHLUSSRESULTAT 22 : 23 In einer gut gef\u00fcllten Halle empfing auch die erste Mannschaft den HBC M\u00fcnsingen. Nach der Niederlage der letzten Woche wollte man zeigen, dass man trotzdem ganz vorne mitspielen kann. Das Spiel ging umk\u00e4mpft los&hellip; <\/p><\/div>\n\n<a style=\"text-transform:uppercase; border-width:2px; padding-right:var(--wp--preset--spacing--x-small);padding-left:var(--wp--preset--spacing--x-small);padding-top:10px;padding-bottom:10px;\" class=\"wp-block-read-more has-text-color has-foreground-color\" href=\"https:\/\/redesign.hbcins.ch\/?p=96\" target=\"_self\">Weiterlesen<span class=\"screen-reader-text\">: HBC INS 1 VS HBC M\u00dcNSIGEN 1<\/span><\/a>\n<\/li><li class=\"wp-block-post post-141 post type-post status-publish format-standard has-post-thumbnail hentry category-2-mannschaft\">\n\n<div class=\"wp-block-group has-global-padding is-layout-constrained wp-block-group-is-layout-constrained\"><figure style=\"width:100%;height:240px; margin-bottom:var(--wp--preset--spacing--x-small);\" class=\"wp-block-post-featured-image\"><a href=\"https:\/\/redesign.hbcins.ch\/?p=141\" target=\"_self\"  style=\"height:240px\"><img loading=\"lazy\" decoding=\"async\" width=\"2000\" height=\"2000\" src=\"https:\/\/redesign.hbcins.ch\/wp-content\/uploads\/2024\/10\/12.10.24_Zwoei-pdf.jpg\" class=\"attachment-post-thumbnail size-post-thumbnail wp-post-image\" alt=\"HBC INS 2 VS SG OBERAARGAU\" style=\"border-radius:5px;height:240px;object-fit:cover;\" sizes=\"auto, 100vw\" \/><\/a><\/figure><\/div>\n\n\n<div style=\"margin-top:0;margin-bottom:0;\" class=\"has-link-color wp-elements-a1817b6b9e4eaefd5826fde68b0a8fdb wp-block-post-date has-text-color has-tertiary-color\"><time datetime=\"2024-10-12T15:58:08+00:00\">Oktober 12, 2024<\/time><\/div>\n\n<h3 style=\"margin-top:0;margin-bottom:var(--wp--preset--spacing--x-small);\" class=\"has-link-color wp-elements-2e75b4e4fab489cf445e03eda13279d1 wp-block-post-title\"><a href=\"https:\/\/redesign.hbcins.ch\/?p=141\" target=\"_self\" >HBC INS 2 VS SG OBERAARGAU<\/a><\/h3>\n\n<div class=\"has-link-color wp-elements-61eeeb1d6c31f3761cb8bc35b6e1a095 wp-block-post-excerpt has-text-color has-tertiary-color\"><p class=\"wp-block-post-excerpt__excerpt\">SCHLUSSRESULTAT 29 : 23 Zum Saisonauftakt traf die zweite Mannschaft auf den letztj\u00e4hrigen Gruppensieger SG Handball Oberaargau. Die Anfangsphase war gepr\u00e4gt von vielen Gegenst\u00f6ssen, welche das l\u00e4uferische und technische Spiel beider Mannschaften zum Vorschein brachten. In der Anfangsphase&hellip; <\/p><\/div>\n\n<a style=\"text-transform:uppercase; border-width:2px; padding-right:var(--wp--preset--spacing--x-small);padding-left:var(--wp--preset--spacing--x-small);padding-top:10px;padding-bottom:10px;\" class=\"wp-block-read-more has-text-color has-foreground-color\" href=\"https:\/\/redesign.hbcins.ch\/?p=141\" target=\"_self\">Weiterlesen<span class=\"screen-reader-text\">: HBC INS 2 VS SG OBERAARGAU<\/span><\/a>\n<\/li><\/ul><\/div>\n<\/div>\n\n\n\n<p><\/p>\n","protected":false},"excerpt":{"rendered":"","protected":false},"author":1,"featured_media":0,"parent":0,"menu_order":0,"comment_status":"closed","ping_status":"closed","template":"","meta":{"footnotes":""},"class_list":["post-149","page","type-page","status-publish","hentry"],"_links":{"self":[{"href":"https:\/\/redesign.hbcins.ch\/index.php?rest_route=\/wp\/v2\/pages\/149","targetHints":{"allow":["GET"]}}],"collection":[{"href":"https:\/\/redesign.hbcins.ch\/index.php?rest_route=\/wp\/v2\/pages"}],"about":[{"href":"https:\/\/redesign.hbcins.ch\/index.php?rest_route=\/wp\/v2\/types\/page"}],"author":[{"embeddable":true,"href":"https:\/\/redesign.hbcins.ch\/index.php?rest_route=\/wp\/v2\/users\/1"}],"replies":[{"embeddable":true,"href":"https:\/\/redesign.hbcins.ch\/index.php?rest_route=%2Fwp%2Fv2%2Fcomments&post=149"}],"version-history":[{"count":2,"href":"https:\/\/redesign.hbcins.ch\/index.php?rest_route=\/wp\/v2\/pages\/149\/revisions"}],"predecessor-version":[{"id":330,"href":"https:\/\/redesign.hbcins.ch\/index.php?rest_route=\/wp\/v2\/pages\/149\/revisions\/330"}],"wp:attachment":[{"href":"https:\/\/redesign.hbcins.ch\/index.php?rest_route=%2Fwp%2Fv2%2Fmedia&parent=149"}],"curies":[{"name":"wp","href":"https:\/\/api.w.org\/{rel}","templated":true}]}}